{"id":550,"date":"2026-02-16T11:56:46","date_gmt":"2026-02-16T07:56:46","guid":{"rendered":"https:\/\/inlyve.com\/m%c9%99xfilik-siyas%c9%99ti\/"},"modified":"2026-04-06T19:17:05","modified_gmt":"2026-04-06T15:17:05","slug":"m%c9%99xfilik-siyas%c9%99ti","status":"publish","type":"page","link":"https:\/\/inlyve.com\/az\/m%c9%99xfilik-siyas%c9%99ti\/","title":{"rendered":"M\u0259xfilik siyas\u0259ti"},"content":{"rendered":"\n<h2 class=\"wp-block-heading\">Biz kimik<\/h2>\n\n<p><strong class=\"privacy-policy-tutorial\">T\u0259klif olunan m\u0259tn: <\/strong>Veb-sayt \u00fcnvan\u0131m\u0131z: http:\/\/inlyve.com.<\/p>\n\n<h2 class=\"wp-block-heading\">\u015e\u0259rhl\u0259r<\/h2>\n\n<p><strong class=\"privacy-policy-tutorial\">T\u0259klif olunan m\u0259tn: <\/strong>Ziyar\u0259t\u00e7il\u0259r saytda \u015f\u0259rhl\u0259r yazd\u0131qda, biz \u015f\u0259rh formas\u0131nda g\u00f6st\u0259ril\u0259n m\u0259lumatlar\u0131, h\u0259m\u00e7inin spam\u0131n a\u015fkar edilm\u0259sin\u0259 k\u00f6m\u0259k etm\u0259k \u00fc\u00e7\u00fcn ziyar\u0259t\u00e7inin IP \u00fcnvan\u0131n\u0131 v\u0259 brauzer istifad\u0259\u00e7i agenti s\u0259tirini toplay\u0131r\u0131q.<\/p>\n\n<p>E-po\u00e7t \u00fcnvan\u0131n\u0131zdan yarad\u0131lm\u0131\u015f anoniml\u0259\u015fdirilmi\u015f s\u0259tir (h\u0259m\u00e7inin he\u015f (hash) adlan\u0131r) ondan istifad\u0259 edib-etm\u0259diyinizi g\u00f6rm\u0259k \u00fc\u00e7\u00fcn Gravatar xidm\u0259tin\u0259 t\u0259qdim edil\u0259 bil\u0259r. Gravatar xidm\u0259tinin m\u0259xfilik siyas\u0259ti il\u0259 burada tan\u0131\u015f ola bil\u0259rsiniz: https:\/\/automattic.com\/privacy\/. \u015e\u0259rhiniz t\u0259sdiql\u0259ndikd\u0259n sonra profil \u015f\u0259kliniz \u015f\u0259rhinizl\u0259 birlikd\u0259 ictimaiyy\u0259t\u0259 g\u00f6r\u00fcn\u00fcr.<\/p>\n\n<h2 class=\"wp-block-heading\">Media<\/h2>\n\n<p><strong class=\"privacy-policy-tutorial\">T\u0259klif olunan m\u0259tn: <\/strong>Veb-sayta \u015f\u0259kill\u0259r y\u00fckl\u0259yirsinizs\u0259, daxili yerl\u0259\u015fm\u0259 m\u0259lumatlar\u0131 (EXIF GPS) olan \u015f\u0259kill\u0259ri y\u00fckl\u0259m\u0259kd\u0259n \u00e7\u0259kinm\u0259lisiniz. Veb-sayt\u0131n ziyar\u0259t\u00e7il\u0259ri saytdak\u0131 \u015f\u0259kill\u0259rd\u0259n ist\u0259nil\u0259n yerl\u0259\u015fm\u0259 m\u0259lumatlar\u0131n\u0131 y\u00fckl\u0259y\u0259 v\u0259 \u00e7\u0131xara bil\u0259r.<\/p>\n\n<h2 class=\"wp-block-heading\">Kukil\u0259r (Cookies)<\/h2>\n\n<p><strong class=\"privacy-policy-tutorial\">T\u0259klif olunan m\u0259tn: <\/strong>Sayt\u0131m\u0131zda \u015f\u0259rh yazsan\u0131z, ad\u0131n\u0131z\u0131n, e-po\u00e7t \u00fcnvan\u0131n\u0131z\u0131n v\u0259 veb-sayt\u0131n\u0131z\u0131n kukil\u0259rd\u0259 saxlanmas\u0131na raz\u0131l\u0131q ver\u0259 bil\u0259rsiniz. Bunlar sizin rahatl\u0131\u011f\u0131n\u0131z \u00fc\u00e7\u00fcnd\u00fcr ki, ba\u015fqa bir \u015f\u0259rh yazark\u0259n m\u0259lumatlar\u0131n\u0131z\u0131 yenid\u0259n doldurmal\u0131 olmayas\u0131n\u0131z. Bu kukil\u0259r bir il m\u00fcdd\u0259tind\u0259 saxlan\u0131lacaq.<\/p>\n\n<p>Giri\u015f s\u0259hif\u0259miz\u0259 daxil olsan\u0131z, brauzerinizin kukil\u0259ri q\u0259bul edib-etm\u0259diyini m\u00fc\u0259yy\u0259n etm\u0259k \u00fc\u00e7\u00fcn m\u00fcv\u0259qq\u0259ti kuki t\u0259yin ed\u0259c\u0259yik. Bu kuki he\u00e7 bir \u015f\u0259xsi m\u0259lumat\u0131 ehtiva etmir v\u0259 brauzerinizi ba\u011flad\u0131qda silinir.<\/p>\n\n<p>Giri\u015f etdiyiniz zaman giri\u015f m\u0259lumatlar\u0131n\u0131z\u0131 v\u0259 ekran se\u00e7iml\u0259rinizi yadda saxlamaq \u00fc\u00e7\u00fcn bir ne\u00e7\u0259 kuki d\u0259 t\u0259yin ed\u0259c\u0259yik. Giri\u015f kukil\u0259ri iki g\u00fcn, ekran se\u00e7iml\u0259ri kukil\u0259ri is\u0259 bir il m\u00fcdd\u0259tind\u0259 saxlan\u0131l\u0131r. \u018fg\u0259r &#8220;M\u0259ni xat\u0131rla&#8221; se\u00e7imini ets\u0259niz, giri\u015finiz iki h\u0259ft\u0259 \u0259rzind\u0259 aktiv qalacaq. Hesab\u0131n\u0131zdan \u00e7\u0131xsan\u0131z, giri\u015f kukil\u0259ri silin\u0259c\u0259k.<\/p>\n\n<p>Bir m\u0259qal\u0259ni redakt\u0259 ets\u0259niz v\u0259 ya d\u0259rc ets\u0259niz, brauzerinizd\u0259 \u0259lav\u0259 kuki saxlan\u0131lacaq. Bu kuki he\u00e7 bir \u015f\u0259xsi m\u0259lumat\u0131 ehtiva etmir v\u0259 sad\u0259c\u0259 redakt\u0259 etdiyiniz m\u0259qal\u0259nin yaz\u0131 ID-sini g\u00f6st\u0259rir. Onun m\u00fcdd\u0259ti 1 g\u00fcnd\u0259n sonra ba\u015fa \u00e7at\u0131r.<\/p>\n\n<h2 class=\"wp-block-heading\">Dig\u0259r veb-saytlardan yerl\u0259\u015fdirilmi\u015f m\u0259zmun<\/h2>\n\n<p><strong class=\"privacy-policy-tutorial\">T\u0259klif olunan m\u0259tn: <\/strong>Bu saytdak\u0131 m\u0259qal\u0259l\u0259r yerl\u0259\u015fdirilmi\u015f m\u0259zmunu (m\u0259s\u0259l\u0259n, videolar, \u015f\u0259kill\u0259r, m\u0259qal\u0259l\u0259r v\u0259 s.) ehtiva ed\u0259 bil\u0259r. Dig\u0259r veb-saytlardan yerl\u0259\u015fdirilmi\u015f m\u0259zmun, ziyar\u0259t\u00e7i h\u0259min veb-sayt\u0131 ziyar\u0259t etmi\u015f kimi eyni \u015f\u0259kild\u0259 davran\u0131r.<\/p>\n\n<p>Bu veb-saytlar sizin haqq\u0131n\u0131zda m\u0259lumat toplaya, kukil\u0259rd\u0259n istifad\u0259 ed\u0259, \u0259lav\u0259 \u00fc\u00e7\u00fcnc\u00fc t\u0259r\u0259f izl\u0259m\u0259l\u0259rini yerl\u0259\u015fdir\u0259 v\u0259 h\u0259min yerl\u0259\u015fdirilmi\u015f m\u0259zmunla qar\u015f\u0131l\u0131ql\u0131 \u0259laq\u0259nizi izl\u0259y\u0259 bil\u0259r (\u0259g\u0259r hesab\u0131n\u0131z varsa v\u0259 h\u0259min veb-saytda giri\u015f etmisinizs\u0259).<\/p>\n\n<h2 class=\"wp-block-heading\">M\u0259lumatlar\u0131n\u0131z\u0131 kiminl\u0259 payla\u015f\u0131r\u0131q<\/h2>\n\n<p><strong class=\"privacy-policy-tutorial\">T\u0259klif olunan m\u0259tn: <\/strong>\u015eifr\u0259nin s\u0131f\u0131rlanmas\u0131n\u0131 t\u0259l\u0259b ets\u0259niz, IP \u00fcnvan\u0131n\u0131z s\u0131f\u0131rlama e-po\u00e7tuna daxil edil\u0259c\u0259k.<\/p>\n\n<h2 class=\"wp-block-heading\">M\u0259lumatlar\u0131n\u0131z\u0131 n\u0259 q\u0259d\u0259r m\u00fcdd\u0259t saxlay\u0131r\u0131q<\/h2>\n\n<p><strong class=\"privacy-policy-tutorial\">T\u0259klif olunan m\u0259tn: <\/strong>\u015e\u0259rh yazsan\u0131z, \u015f\u0259rh v\u0259 onun metam\u0259lumatlar\u0131 qeyri-m\u00fc\u0259yy\u0259n m\u00fcdd\u0259t\u0259 saxlan\u0131l\u0131r. Bu, n\u00f6vb\u0259ti \u015f\u0259rhl\u0259ri moderasiya n\u00f6vb\u0259sind\u0259 saxlamaq \u0259v\u0259zin\u0259, onlar\u0131 avtomatik tan\u0131maq v\u0259 t\u0259sdiql\u0259m\u0259k \u00fc\u00e7\u00fcnd\u00fcr.<\/p>\n\n<p>Veb-sayt\u0131m\u0131zda qeydiyyatdan ke\u00e7\u0259n istifad\u0259\u00e7il\u0259r \u00fc\u00e7\u00fcn (\u0259g\u0259r varsa), biz h\u0259m\u00e7inin onlar\u0131n istifad\u0259\u00e7i profilind\u0259 t\u0259qdim etdikl\u0259ri \u015f\u0259xsi m\u0259lumatlar\u0131 saxlay\u0131r\u0131q. B\u00fct\u00fcn istifad\u0259\u00e7il\u0259r ist\u0259nil\u0259n vaxt \u00f6z \u015f\u0259xsi m\u0259lumatlar\u0131n\u0131 g\u00f6r\u0259, redakt\u0259 ed\u0259 v\u0259 ya sil\u0259 bil\u0259rl\u0259r (istifad\u0259\u00e7i ad\u0131n\u0131 d\u0259yi\u015f\u0259 bilm\u0259m\u0259k \u015f\u0259rti il\u0259). Veb-sayt administratorlar\u0131 da h\u0259min m\u0259lumatlar\u0131 g\u00f6r\u0259 v\u0259 redakt\u0259 ed\u0259 bil\u0259rl\u0259r.<\/p>\n\n<h2 class=\"wp-block-heading\">M\u0259lumatlar\u0131n\u0131z \u00fcz\u0259rind\u0259 hans\u0131 h\u00fcquqlar\u0131n\u0131z var<\/h2>\n\n<p><strong class=\"privacy-policy-tutorial\">T\u0259klif olunan m\u0259tn: <\/strong>Bu saytda hesab\u0131n\u0131z varsa v\u0259 ya \u015f\u0259rhl\u0259r yazm\u0131s\u0131n\u0131zsa, bizd\u0259 olan \u015f\u0259xsi m\u0259lumatlar\u0131n\u0131z\u0131n, o c\u00fcml\u0259d\u0259n biz\u0259 t\u0259qdim etdiyiniz h\u0259r hans\u0131 m\u0259lumat\u0131n ixrac edilmi\u015f fayl\u0131n\u0131 alma\u011f\u0131 t\u0259l\u0259b ed\u0259 bil\u0259rsiniz. Siz h\u0259m\u00e7inin bizd\u0259 olan h\u0259r hans\u0131 \u015f\u0259xsi m\u0259lumat\u0131n\u0131z\u0131n silinm\u0259sini t\u0259l\u0259b ed\u0259 bil\u0259rsiniz. Bura inzibati, h\u00fcquqi v\u0259 ya t\u0259hl\u00fck\u0259sizlik m\u0259qs\u0259dl\u0259ri \u00fc\u00e7\u00fcn saxlama\u011fa borclu oldu\u011fumuz he\u00e7 bir m\u0259lumat daxil deyil.<\/p>\n\n<h2 class=\"wp-block-heading\">M\u0259lumatlar\u0131n\u0131z hara g\u00f6nd\u0259rilir<\/h2>\n\n<p><strong class=\"privacy-policy-tutorial\">T\u0259klif olunan m\u0259tn: <\/strong>Ziyar\u0259t\u00e7i \u015f\u0259rhl\u0259ri avtomatla\u015fd\u0131r\u0131lm\u0131\u015f spam a\u015fkar etm\u0259 xidm\u0259ti vasit\u0259sil\u0259 yoxlan\u0131la bil\u0259r.<\/p>\n","protected":false},"excerpt":{"rendered":"<p>Biz kimik T\u0259klif olunan m\u0259tn: Veb-sayt \u00fcnvan\u0131m\u0131z: http:\/\/inlyve.com. \u015e\u0259rhl\u0259r T\u0259klif olunan m\u0259tn: Ziyar\u0259t\u00e7il\u0259r saytda \u015f\u0259rhl\u0259r yazd\u0131qda, biz \u015f\u0259rh formas\u0131nda g\u00f6st\u0259ril\u0259n m\u0259lumatlar\u0131, h\u0259m\u00e7inin spam\u0131n a\u015fkar edilm\u0259sin\u0259 k\u00f6m\u0259k etm\u0259k \u00fc\u00e7\u00fcn ziyar\u0259t\u00e7inin IP&#8230;<\/p>\n","protected":false},"author":2,"featured_media":0,"parent":0,"menu_order":0,"comment_status":"closed","ping_status":"closed","template":"","meta":{"_themeisle_gutenberg_block_has_review":false,"footnotes":""},"class_list":["post-550","page","type-page","status-publish"],"_hostinger_reach_plugin_has_subscription_block":false,"_hostinger_reach_plugin_is_elementor":false,"_links":{"self":[{"href":"https:\/\/inlyve.com\/az\/wp-json\/wp\/v2\/pages\/550","targetHints":{"allow":["GET"]}}],"collection":[{"href":"https:\/\/inlyve.com\/az\/wp-json\/wp\/v2\/pages"}],"about":[{"href":"https:\/\/inlyve.com\/az\/wp-json\/wp\/v2\/types\/page"}],"author":[{"embeddable":true,"href":"https:\/\/inlyve.com\/az\/wp-json\/wp\/v2\/users\/2"}],"replies":[{"embeddable":true,"href":"https:\/\/inlyve.com\/az\/wp-json\/wp\/v2\/comments?post=550"}],"version-history":[{"count":1,"href":"https:\/\/inlyve.com\/az\/wp-json\/wp\/v2\/pages\/550\/revisions"}],"predecessor-version":[{"id":551,"href":"https:\/\/inlyve.com\/az\/wp-json\/wp\/v2\/pages\/550\/revisions\/551"}],"wp:attachment":[{"href":"https:\/\/inlyve.com\/az\/wp-json\/wp\/v2\/media?parent=550"}],"curies":[{"name":"wp","href":"https:\/\/api.w.org\/{rel}","templated":true}]}}